{"id":2399,"date":"2026-02-11T10:24:32","date_gmt":"2026-02-11T10:24:32","guid":{"rendered":"https:\/\/chinesethegathering.com\/silber-aera-2004-2010\/"},"modified":"2026-03-08T19:51:55","modified_gmt":"2026-03-08T19:51:55","slug":"silber-aera-2004-2010","status":"publish","type":"page","link":"https:\/\/chinesethegathering.com\/de\/silber-aera-2004-2010\/","title":{"rendered":"Die Silberne \u00c4ra"},"content":{"rendered":"\n<h3 class=\"wp-block-heading\">Die Silber-\u00c4ra: ein Einblick in Vereinfachtes Chinesisch (2004\u20132010)<\/h3>\n\n<p>F\u00fcr Sammler von chinesischem Magic: The Gathering stellt der Zeitraum zwischen <strong>2004 und 2010<\/strong> ein einzigartiges und faszinierendes Kapitel in der Geschichte des Spiels dar. Oft als <strong>\u201eSilver Era\u201c<\/strong> bezeichnet, brachte diese Phase deutliche Ver\u00e4nderungen bei Druckpolitik, k\u00fcnstlerischem Ausdruck und Marktverf\u00fcgbarkeit mit sich \u2013 und macht diese Karten heute zu einigen der begehrtesten. <\/p>\n\n<h3 class=\"wp-block-heading\">Ein geteilter Markt: der Aufstieg des Vereinfachten Chinesisch<\/h3>\n\n<p>In diesen Jahren kam es zu einem gro\u00dfen Wandel auf dem asiatischen Markt. Aufgrund ausbleibenden kommerziellen Erfolgs wurde <strong>Traditionelles Chinesisch<\/strong> eingestellt, sodass <strong>Vereinfachtes Chinesisch<\/strong> als einzige gedruckte Sprache f\u00fcr den chinesischen MTG-Markt \u00fcbrig blieb. Diese Entscheidung machte die Karten in Vereinfachtem Chinesisch aus dieser \u00c4ra zur ma\u00dfgeblichen Version f\u00fcr regionale Sammler.  <\/p>\n\n<h3 class=\"wp-block-heading\">Die Seltenheit der gro\u00dfen Bl\u00f6cke<\/h3>\n\n<div class=\"wp-block-media-text is-stacked-on-mobile\" style=\"grid-template-columns:15% auto\"><figure class=\"wp-block-media-text__media\"><img loading=\"lazy\" decoding=\"async\" width=\"672\" height=\"936\" src=\"https:\/\/chinesethegathering.com\/wp-content\/uploads\/2026\/02\/CHK_122.avif\" alt=\"\" class=\"wp-image-1612 size-full\" srcset=\"https:\/\/chinesethegathering.com\/wp-content\/uploads\/2026\/02\/CHK_122.avif 672w, https:\/\/chinesethegathering.com\/wp-content\/uploads\/2026\/02\/CHK_122-215x300.avif 215w\" sizes=\"auto, (max-width: 672px) 100vw, 672px\" \/><\/figure><div class=\"wp-block-media-text__content is-layout-flow wp-block-media-text-is-layout-flow\">\n<p>Die Silber-\u00c4ra begann mit legend\u00e4ren Bl\u00f6cken wie <em>Meister von Kamigawa<\/em> und <em>Ravnica: Stadt der Gilden<\/em>. Neben ihrem hochwertigen Gameplay und der beeindruckenden Illustration leiden (oder profitieren \u2013 aus Sammlersicht) diese Sets unter einer <strong>extrem begrenzten Auflage<\/strong> in Vereinfachtem Chinesisch. <\/p>\n\n\n\n<p>Heute gilt es als nahezu unm\u00f6glich, ein komplettes Set von <em>Meister von Kamigawa<\/em> oder das urspr\u00fcngliche <em><em>Ravnica: Stadt der Gilden<\/em><\/em> in Vereinfachtem Chinesisch zu vervollst\u00e4ndigen. Die Knappheit dieser Karten spiegelt direkt die kleinere Spielerschaft in China in den fr\u00fchen 2000ern wider \u2013 lange bevor das Spiel seine heutige globale Gr\u00f6\u00dfe erreichte. Diese Seltenheit betrifft auch <em>K\u00e4lteeinbruch<\/em>, das \u2013 \u00e4hnlich wie die englische Version \u2013 nur sehr eingeschr\u00e4nkt gedruckt wurde.  <\/p>\n<\/div><\/div>\n\n<p><\/p>\n\n<h3 class=\"wp-block-heading\">Der H\u00f6hepunkt der \u201eAlternate Art\u201c<\/h3>\n\n<p><\/p>\n\n<div class=\"wp-block-media-text has-media-on-the-right is-stacked-on-mobile\" style=\"grid-template-columns:auto 15%\"><div class=\"wp-block-media-text__content is-layout-flow wp-block-media-text-is-layout-flow\">\n<p>Der Zeitraum zwischen <strong>2005 und 2008<\/strong> ist vielleicht am bekanntesten f\u00fcr die <a href=\"https:\/\/chinesethegathering.com\/de\/karten-mit-alternativer-illustration\/\" data-type=\"page\" data-id=\"1153\"><strong>Alternate-Art<\/strong>&#8211;<strong>Karten<\/strong><\/a>. Aufgrund lokaler Vorschriften und kultureller Sensibilit\u00e4ten ersetzte Wizards of the Coast h\u00e4ufig Illustrationen mit Skeletten oder \u00fcberm\u00e4\u00dfiger Gewaltdarstellung. <\/p>\n\n\n\n<p>Der legend\u00e4re <em>Lorwyn \/ Schattenmoor<\/em>-Block ist ein Zeugnis dieser \u00c4ra und profitierte von einer betr\u00e4chtlichen Anzahl alternativer Illustrationen. Dieser Trend erreichte jedoch um 2008 seinen H\u00f6hepunkt und sein anschlie\u00dfendes Ende. Beginnend mit dem <em>Fragmente von Alara<\/em>-Block tauchten Skelette wieder auf vereinfachten chinesischen Karten auf, was das Ende einer einzigartigen \u00e4sthetischen \u00c4ra markierte.  <\/p>\n<\/div><figure class=\"wp-block-media-text__media\"><img loading=\"lazy\" decoding=\"async\" width=\"672\" height=\"936\" src=\"https:\/\/chinesethegathering.com\/wp-content\/uploads\/2026\/02\/SHM_260.avif\" alt=\"\" class=\"wp-image-1615 size-full\" srcset=\"https:\/\/chinesethegathering.com\/wp-content\/uploads\/2026\/02\/SHM_260.avif 672w, https:\/\/chinesethegathering.com\/wp-content\/uploads\/2026\/02\/SHM_260-215x300.avif 215w\" sizes=\"auto, (max-width: 672px) 100vw, 672px\" \/><\/figure><\/div>\n\n<p><\/p>\n\n<p><\/p>\n\n<div class=\"wp-block-wpbb-wbd-progress-bar\"><div class=\"progress-name\" style=\"color:#333333;font-size:16px;font-family:inherit\">Projektabschluss: 26 Sets (von 26)<\/div><div class=\"progress-track\" style=\"background-color:#e5e5e5;height:32px\"><div class=\"progress-fill\" style=\"width:100%;background-color:#c43d3d\"><span class=\"progress-percentage\" style=\"color:#ffffff;font-size:14px;font-family:inherit\">100%<\/span><\/div><\/div><\/div>\n\n<p><em>Scryfall-Setliste, die das Projekt abdeckt:<\/em><\/p>\n<div class=\"wp-block-image\">\n<figure class=\"aligncenter size-full\"><img loading=\"lazy\" decoding=\"async\" width=\"1007\" height=\"862\" src=\"https:\/\/chinesethegathering.com\/wp-content\/uploads\/2026\/02\/Capture-decran-2026-02-11-110710.avif\" alt=\"\" class=\"wp-image-95\" srcset=\"https:\/\/chinesethegathering.com\/wp-content\/uploads\/2026\/02\/Capture-decran-2026-02-11-110710.avif 1007w, https:\/\/chinesethegathering.com\/wp-content\/uploads\/2026\/02\/Capture-decran-2026-02-11-110710-300x257.avif 300w, https:\/\/chinesethegathering.com\/wp-content\/uploads\/2026\/02\/Capture-decran-2026-02-11-110710-768x657.avif 768w\" sizes=\"auto, (max-width: 1007px) 100vw, 1007px\" \/><\/figure>\n<\/div>\n<p><\/p>\n\n<h3 class=\"wp-block-heading\">Der Wandel: Fragmente von Alara und der Mengensprung<\/h3>\n\n<p>Ab <strong>2008<\/strong> \u00e4nderte sich die Lage erneut. Mit der Ver\u00f6ffentlichung des <em>Fragmente von Alara<\/em>-Blocks nahm das Druckvolumen auf Chinesisch deutlich zu. Die \u00c4ra der \u201ekleinen Auflagen\u201c wich langsam der Massenproduktion, als die Popularit\u00e4t des Spiels in China ihren starken Aufstieg begann.  <\/p>\n\n<h3 class=\"wp-block-heading\">Warum die Silber-\u00c4ra sammeln?<\/h3>\n\n<p>Der Zeitraum 2004\u20132010 ist f\u00fcr Sammler chinesischer Karten ein \u201eMuss\u201c \u2013 aus 3 Hauptgr\u00fcnden:<\/p>\n\n<ol start=\"1\" class=\"wp-block-list\">\n<li><strong>Extreme Knappheit:<\/strong> Die unglaublich niedrigen Auflagen der fr\u00fchen Sets,<\/li>\n\n\n\n<li><strong>Visuelle Einzigartigkeit:<\/strong> Die alternativen Illustrationen geben einen Einblick in einen bestimmten Moment der MTG-Geschichte, der so nicht mehr existiert.<\/li>\n\n\n\n<li><strong>Keine <strong>traditionell<\/strong><\/strong> <strong>chinesischen Karten:<\/strong> Vereinfachtes Chinesisch bleibt f\u00fcr diese \u00c4ra f\u00fcr immer die einzige chinesische Kartensprache.<\/li>\n<\/ol>\n\n<p><\/p>\n","protected":false},"excerpt":{"rendered":"<p>Die Silber-\u00c4ra: ein Einblick in Vereinfachtes Chinesisch (2004\u20132010) F\u00fcr Sammler von chinesischem Magic: The Gathering stellt der Zeitraum zwischen 2004 und 2010 ein einzigartiges und faszinierendes Kapitel in der Geschichte des Spiels dar. Oft als \u201eSilver Era\u201c bezeichnet, brachte diese Phase deutliche Ver\u00e4nderungen bei Druckpolitik, k\u00fcnstlerischem Ausdruck und Marktverf\u00fcgbarkeit mit sich \u2013 und macht diese &#8230; <a title=\"Die Silberne \u00c4ra\" class=\"read-more\" href=\"https:\/\/chinesethegathering.com\/de\/silber-aera-2004-2010\/\" aria-label=\"Mehr Informationen \u00fcber Die Silberne \u00c4ra\">Test<\/a><\/p>\n","protected":false},"author":1,"featured_media":2404,"parent":0,"menu_order":0,"comment_status":"closed","ping_status":"closed","template":"","meta":{"footnotes":""},"class_list":["post-2399","page","type-page","status-publish","has-post-thumbnail"],"_links":{"self":[{"href":"https:\/\/chinesethegathering.com\/de\/wp-json\/wp\/v2\/pages\/2399","targetHints":{"allow":["GET"]}}],"collection":[{"href":"https:\/\/chinesethegathering.com\/de\/wp-json\/wp\/v2\/pages"}],"about":[{"href":"https:\/\/chinesethegathering.com\/de\/wp-json\/wp\/v2\/types\/page"}],"author":[{"embeddable":true,"href":"https:\/\/chinesethegathering.com\/de\/wp-json\/wp\/v2\/users\/1"}],"replies":[{"embeddable":true,"href":"https:\/\/chinesethegathering.com\/de\/wp-json\/wp\/v2\/comments?post=2399"}],"version-history":[{"count":0,"href":"https:\/\/chinesethegathering.com\/de\/wp-json\/wp\/v2\/pages\/2399\/revisions"}],"wp:featuredmedia":[{"embeddable":true,"href":"https:\/\/chinesethegathering.com\/de\/wp-json\/wp\/v2\/media\/2404"}],"wp:attachment":[{"href":"https:\/\/chinesethegathering.com\/de\/wp-json\/wp\/v2\/media?parent=2399"}],"curies":[{"name":"wp","href":"https:\/\/api.w.org\/{rel}","templated":true}]}}