{"id":2263,"date":"2026-02-11T20:18:55","date_gmt":"2026-02-11T20:18:55","guid":{"rendered":"https:\/\/chinesethegathering.com\/warum-traditionelles-chinesisch\/"},"modified":"2026-03-24T20:59:09","modified_gmt":"2026-03-24T20:59:09","slug":"warum-traditionelles-chinesisch","status":"publish","type":"page","link":"https:\/\/chinesethegathering.com\/de\/warum-traditionelles-chinesisch\/","title":{"rendered":"Warum traditionelles Chinesisch"},"content":{"rendered":"\n<h3 class=\"wp-block-heading\">Die beste Wahl: Warum traditionelles Chinesisch?<\/h3>\n\n<div class=\"wp-block-group is-nowrap is-layout-flex wp-container-core-group-is-layout-ad2f72ca wp-block-group-is-layout-flex\">\n<p>Beim Aufbau einer gro\u00dfen Sammlung musst du Entscheidungen treffen. Obwohl unser Archiv viele chinesische Karten zeigt, <strong>konzentriert sich unsere Sammlung ausschlie\u00dflich auf traditionelles Chinesisch<\/strong>. F\u00fcr Neueinsteiger wirkt der Unterschied zwischen vereinfachtem und traditionellem Chinesisch vielleicht klein. F\u00fcr Experten ist es der Unterschied zwischen einer gew\u00f6hnlichen Karte und einem Kunstwerk. Hier erf\u00e4hrst du, warum traditionelles Chinesisch f\u00fcr Sammler die beste Wahl ist.    <\/p>\n<\/div>\n\n<p><\/p>\n\n<h3 class=\"wp-block-heading\">Der Anstieg der Karten-Seltenheit<\/h3>\n\n<p><\/p>\n\n<p>W\u00e4hrend viele englische und vereinfachte chinesische Karten gedruckt wurden, blieben Karten auf traditionellem Chinesisch sehr selten. Von 2012 bis 2019 wurden viele Karten in allen Sprachen gedruckt, einschlie\u00dflich traditionellem Chinesisch.  <\/p>\n\n<p>Doch ab 2019 \u00e4nderte sich der Markt. In den letzten Jahren vor 2022 wurden Sets auf traditionellem Chinesisch sehr schwer zu finden. Anders als andere Sprachen hatte traditionelles Chinesisch nie spezielle Booster-Boxen im modernen Stil. Dadurch wirken sie wie ein Geist \u2013 schwer aufzusp\u00fcren. Spezielle Art-Versionen auf traditionellem Chinesisch zu finden, ist eine riesige Herausforderung.    <\/p>\n\n<div class=\"wp-block-media-text is-stacked-on-mobile\" style=\"grid-template-columns:15% auto\"><figure class=\"wp-block-media-text__media\"><img loading=\"lazy\" decoding=\"async\" width=\"672\" height=\"936\" src=\"https:\/\/chinesethegathering.com\/wp-content\/uploads\/2026\/02\/snc-452-gala-greeters.avif\" alt=\"\" class=\"wp-image-201 size-full\" srcset=\"https:\/\/chinesethegathering.com\/wp-content\/uploads\/2026\/02\/snc-452-gala-greeters.avif 672w, https:\/\/chinesethegathering.com\/wp-content\/uploads\/2026\/02\/snc-452-gala-greeters-215x300.avif 215w\" sizes=\"auto, (max-width: 672px) 100vw, 672px\" \/><\/figure><div class=\"wp-block-media-text__content is-layout-flow wp-block-media-text-is-layout-flow\">\n<p class=\"has-text-align-left has-base-2-background-color has-background\"><strong>Markteinblick:<\/strong> Es ist keine \u00dcberraschung, dass die teuerste Version des Gala-Begr\u00fc\u00dfer Box Toppers aus Stra\u00dfen von Neu-Capenna die auf Traditionellem Chinesisch ist. Knappheit schafft Wert, und Traditionelles Chinesisch ist der K\u00f6nig der seltenen modernen Karten. <\/p>\n\n\n\n<p class=\"has-small-font-size\"><em>Wusstest du schon? Es gibt weltweit nur 2 bekannte russische Box Topper aus Boxen, die nie offiziell ver\u00f6ffentlicht wurden. Ihr Preis erreicht wahrscheinlich Zehntausende oder sogar Hunderttausende von Dollar.  <\/em><\/p>\n<\/div><\/div>\n\n<p><\/p>\n\n<h3 class=\"wp-block-heading\">Ein St\u00fcck Geschichte<\/h3>\n\n<div class=\"wp-block-media-text has-media-on-the-right is-stacked-on-mobile\" style=\"grid-template-columns:auto 38%\"><div class=\"wp-block-media-text__content is-layout-flow wp-block-media-text-is-layout-flow\">\n<p>Traditionelles Chinesisch hat eine starke k\u00fcnstlerische Ausstrahlung. Es ist eine komplexe, sch\u00f6ne Schrift, die K\u00f6nnen erfordert, um sie zu lesen. W\u00e4hrend vereinfachtes Chinesisch f\u00fcr Tempo und Einfachheit geschaffen wurde, bewahrt traditionelles Chinesisch das Herz der Zeichen.   <\/p>\n\n\n\n<p>F\u00fcr Sammler <strong>steht es f\u00fcr hohe Kunst<\/strong>. Es ehrt Tausende Jahre chinesischer Kultur auf eine Weise, die die vereinfachte Schrift nicht leisten kann. Es ist die \u201eGelehrtenschrift\u201c \u2013 schwerer zu lernen, schwerer zu drucken und deutlich prestigetr\u00e4chtiger zu pr\u00e4sentieren.  <\/p>\n<\/div><figure class=\"wp-block-media-text__media\"><img loading=\"lazy\" decoding=\"async\" width=\"1024\" height=\"683\" src=\"https:\/\/chinesethegathering.com\/wp-content\/uploads\/2026\/02\/ad28dcbf-d7cd-43b1-9eb1-31afaca9a8da-1-1024x683.avif\" alt=\"\" class=\"wp-image-172 size-full\" srcset=\"https:\/\/chinesethegathering.com\/wp-content\/uploads\/2026\/02\/ad28dcbf-d7cd-43b1-9eb1-31afaca9a8da-1-1024x683.avif 1024w, https:\/\/chinesethegathering.com\/wp-content\/uploads\/2026\/02\/ad28dcbf-d7cd-43b1-9eb1-31afaca9a8da-1-300x200.avif 300w, https:\/\/chinesethegathering.com\/wp-content\/uploads\/2026\/02\/ad28dcbf-d7cd-43b1-9eb1-31afaca9a8da-1-768x512.avif 768w, https:\/\/chinesethegathering.com\/wp-content\/uploads\/2026\/02\/ad28dcbf-d7cd-43b1-9eb1-31afaca9a8da-1.avif 1536w\" sizes=\"auto, (max-width: 1024px) 100vw, 1024px\" \/><\/figure><\/div>\n\n<p><\/p>\n\n<h3 class=\"wp-block-heading\">Der \u201eShakespeare\u201c-Faktor<\/h3>\n\n<p>F\u00fcr Englischsprachige kann der Unterschied schwer zu erfassen sein. Stell dir vor, Magic w\u00fcrde in zwei Versionen des Englischen gedruckt: <\/p>\n\n<ul class=\"wp-block-list\">\n<li><strong>Vereinfacht:<\/strong> \u201eIch bin Richard.\u201c<\/li>\n\n\n\n<li><strong>Traditionell:<\/strong> \u201eMein Name ist Richard.\u201c<\/li>\n<\/ul>\n\n<p>Die meisten Sammler w\u00fcrden instinktiv zur \u201etraditionellen\u201c Version tendieren. Sie f\u00fchlt sich der Sprache Shakespeares n\u00e4her an; sie tr\u00e4gt ein Gef\u00fchl von Geschichte und Gravitas. Traditionelles Chinesisch vermittelt genau dieses Gef\u00fchl von \u201eOriginalit\u00e4t\u201c und \u201eReinheit\u201c f\u00fcr die chinesische Sprache.  <\/p>\n\n<h3 class=\"wp-block-heading\">Ist Traditionelles Chinesisch seltener als Koreanisch, Russisch oder Portugiesisch?<\/h3>\n\n<div class=\"wp-block-media-text is-stacked-on-mobile\" style=\"grid-template-columns:20% auto\"><figure class=\"wp-block-media-text__media\"><img loading=\"lazy\" decoding=\"async\" width=\"1024\" height=\"1024\" src=\"https:\/\/chinesethegathering.com\/wp-content\/uploads\/2026\/02\/f317200e-46d1-4e3b-8705-561666e8b963.avif\" alt=\"\" class=\"wp-image-1333 size-full\" srcset=\"https:\/\/chinesethegathering.com\/wp-content\/uploads\/2026\/02\/f317200e-46d1-4e3b-8705-561666e8b963.avif 1024w, https:\/\/chinesethegathering.com\/wp-content\/uploads\/2026\/02\/f317200e-46d1-4e3b-8705-561666e8b963-300x300.avif 300w, https:\/\/chinesethegathering.com\/wp-content\/uploads\/2026\/02\/f317200e-46d1-4e3b-8705-561666e8b963-150x150.avif 150w, https:\/\/chinesethegathering.com\/wp-content\/uploads\/2026\/02\/f317200e-46d1-4e3b-8705-561666e8b963-768x768.avif 768w\" sizes=\"auto, (max-width: 1024px) 100vw, 1024px\" \/><\/figure><div class=\"wp-block-media-text__content is-layout-flow wp-block-media-text-is-layout-flow\">\n<p>In der Welt des High-End-Sammelns sprechen wir oft von \u201eden gro\u00dfen Sprachen\u201c. Doch f\u00fcr diejenigen, die das wirklich Obscure jagen, hat sich ein spezifisches Quartett als ultimative Herausforderung herauskristallisiert: Koreanisch, Russisch, Portugiesisch und Traditionelles Chinesisch. <\/p>\n\n\n\n<p>Zwischen 2019 und 2022 erreichten die Druckvolumen f\u00fcr diese vier Sprachen einen historischen Tiefstand. W\u00e4hrend offizielle Zahlen streng geh\u00fctet werden, deuten Sch\u00e4tzungen der Branche darauf hin, dass sie in Bezug auf die Knappheit Kopf an Kopf lagen. <\/p>\n<\/div><\/div>\n\n<p><\/p>\n\n<p>Dieses geringe Volumen war kein Zufall. Es war das Ergebnis von: <\/p>\n\n<ul class=\"wp-block-list\">\n<li>Demografie: Begrenzte Vertriebsgebiete.<\/li>\n\n\n\n<li>Wirtschaftliche Faktoren: Unterschiedliche Kaufkraft in diesen spezifischen Regionen.<\/li>\n\n\n\n<li>Kulturelle Verschiebungen: Ein \u00dcbergang zu digitalen oder anderen Hobbys w\u00e4hrend der globalen Lockdowns.<\/li>\n<\/ul>\n\n<p>Diese Faktoren machten diese vier Sprachen zum \u201eHeiligen Gral\u201c f\u00fcr moderne Sammler.<br\/>Hier spaltet sich der Markt. Wenn du dir koreanische und russische Editionen ansiehst, sind sie selten, aber sie sind bekannt und beliebt. Sie wurden von engagierten \u201eHardcore\u201c-Sammlern aggressiv verfolgt. Heute sind die meisten dieser Exemplare in privaten Tresoren weggeschlossen; sie sind teuer, aber du kannst sie finden, wenn du das n\u00f6tige Kleingeld hast.   <\/p>\n\n<h3 class=\"wp-block-heading\">Traditionelles Chinesisch und Portugiesisch erz\u00e4hlen jedoch eine andere Geschichte<\/h3>\n\n<p>Was wirklich auff\u00e4llig ist: Wenn du nach Modern-\u00c4ra-Karten in Portugiesisch oder Traditionellem Chinesisch suchst, bleibt dir oft keine andere Wahl, als physisch in lokalen Gesch\u00e4ften zu suchen. Die Knappheit ist real: Versiegelte Booster-Boxen sind unglaublich schwer zu finden, und was Commander-Decks betrifft, so sind sie auf dem freien Markt praktisch unm\u00f6glich zu beschaffen. <\/p>\n\n<blockquote class=\"wp-block-quote is-layout-flow wp-block-quote-is-layout-flow\">\n<p class=\"has-base-2-background-color has-background\">\u201eTraditionelles Chinesisch und Portugiesisch sind nicht nur selten; sie wurden vergessen. Und genau darin liegt ihr organischer Wert.\u201c<\/p>\n<\/blockquote>\n\n<h3 class=\"wp-block-heading\">Traditionelles Chinesisch: Ein endliches Erbe<\/h3>\n\n<p>Die Geschichte lehrt uns, dass Wizards of the Coast Traditionelles Chinesisch zwar einmal zur\u00fcckgebracht hat (2010\u20132022), es aber h\u00f6chst unwahrscheinlich ist, dass es ein drittes Mal zur\u00fcckkehrt. Wir betrachten ein <strong>abgeschlossenes Kapitel der Geschichte.<\/strong> <\/p>\n\n<p>Traditionelles Chinesisch bleibt der schriftliche Standard f\u00fcr Millionen in Hongkong, Taiwan und dar\u00fcber hinaus und repr\u00e4sentiert die angestammte Wurzel f\u00fcr \u00fcber 1,4 Milliarden Menschen weltweit. Mit einem so reichen kulturellen R\u00fcckgrat und einem so begrenzten physischen Angebot ist Traditionelles Chinesisch dazu bestimmt, die begehrteste Sprachvariante in der TCG-Welt zu werden. <\/p>\n\n<p><strong>Das ist nicht nur eine Sammlung. Es bewahrt die eleganteste und am schwersten zu findende \u00c4ra des Spiels. <\/strong><\/p>\n\n<p><\/p>\n","protected":false},"excerpt":{"rendered":"<p>Die beste Wahl: Warum traditionelles Chinesisch? Beim Aufbau einer gro\u00dfen Sammlung musst du Entscheidungen treffen. Obwohl unser Archiv viele chinesische Karten zeigt, konzentriert sich unsere Sammlung ausschlie\u00dflich auf traditionelles Chinesisch. F\u00fcr Neueinsteiger wirkt der Unterschied zwischen vereinfachtem und traditionellem Chinesisch vielleicht klein. F\u00fcr Experten ist es der Unterschied zwischen einer gew\u00f6hnlichen Karte und einem Kunstwerk. &#8230; <a title=\"Warum traditionelles Chinesisch\" class=\"read-more\" href=\"https:\/\/chinesethegathering.com\/de\/warum-traditionelles-chinesisch\/\" aria-label=\"Mehr Informationen \u00fcber Warum traditionelles Chinesisch\">Test<\/a><\/p>\n","protected":false},"author":1,"featured_media":2264,"parent":0,"menu_order":0,"comment_status":"closed","ping_status":"closed","template":"","meta":{"footnotes":""},"class_list":["post-2263","page","type-page","status-publish","has-post-thumbnail"],"_links":{"self":[{"href":"https:\/\/chinesethegathering.com\/de\/wp-json\/wp\/v2\/pages\/2263","targetHints":{"allow":["GET"]}}],"collection":[{"href":"https:\/\/chinesethegathering.com\/de\/wp-json\/wp\/v2\/pages"}],"about":[{"href":"https:\/\/chinesethegathering.com\/de\/wp-json\/wp\/v2\/types\/page"}],"author":[{"embeddable":true,"href":"https:\/\/chinesethegathering.com\/de\/wp-json\/wp\/v2\/users\/1"}],"replies":[{"embeddable":true,"href":"https:\/\/chinesethegathering.com\/de\/wp-json\/wp\/v2\/comments?post=2263"}],"version-history":[{"count":0,"href":"https:\/\/chinesethegathering.com\/de\/wp-json\/wp\/v2\/pages\/2263\/revisions"}],"wp:featuredmedia":[{"embeddable":true,"href":"https:\/\/chinesethegathering.com\/de\/wp-json\/wp\/v2\/media\/2264"}],"wp:attachment":[{"href":"https:\/\/chinesethegathering.com\/de\/wp-json\/wp\/v2\/media?parent=2263"}],"curies":[{"name":"wp","href":"https:\/\/api.w.org\/{rel}","templated":true}]}}