{"id":2182,"date":"2026-02-14T17:54:16","date_gmt":"2026-02-14T17:54:16","guid":{"rendered":"https:\/\/chinesethegathering.com\/pokemon-vs-magic-the-gathering\/"},"modified":"2026-02-28T05:54:27","modified_gmt":"2026-02-28T05:54:27","slug":"pokemon-vs-magic-the-gathering","status":"publish","type":"page","link":"https:\/\/chinesethegathering.com\/de\/pokemon-vs-magic-the-gathering\/","title":{"rendered":"Pok\u00e9mon vs. MTG"},"content":{"rendered":"\n<h2 class=\"wp-block-heading\">Magic The Gathering vs. Pok\u00e9mon in China: eine Sammlerperspektive<\/h2>\n\n<p>Wenn es um Sammelkartenspiele in China geht, dominieren zwei Namen die Gespr\u00e4che unter Spielern und Sammlern gleicherma\u00dfen: <strong>Magic: The Gathering<\/strong> und <strong>Pok\u00e9mon<\/strong>.<\/p>\n\n<p>W\u00e4hrend Pok\u00e9mon oft die Aufmerksamkeit der breiten Masse auf sich zieht, nimmt Magic eine einzigartige und wohl st\u00e4rkere Position f\u00fcr ernsthafte Sammler ein, besonders auf dem chinesischen Markt. Hier erf\u00e4hrst du, warum. <\/p>\n\n<h3 class=\"wp-block-heading\">1. Magic kam zuerst und war Pionier beim chinesischen TCG-Druck<\/h3>\n\n<p><\/p>\n\n<div class=\"wp-block-media-text is-stacked-on-mobile\" style=\"grid-template-columns:15% auto\"><figure class=\"wp-block-media-text__media\"><img loading=\"lazy\" decoding=\"async\" width=\"683\" height=\"1024\" src=\"https:\/\/chinesethegathering.com\/wp-content\/uploads\/2026\/02\/a9268709-9b6a-4fa9-83b1-40b1eef2f1b9-683x1024.avif\" alt=\"\" class=\"wp-image-1351 size-full\" srcset=\"https:\/\/chinesethegathering.com\/wp-content\/uploads\/2026\/02\/a9268709-9b6a-4fa9-83b1-40b1eef2f1b9-683x1024.avif 683w, https:\/\/chinesethegathering.com\/wp-content\/uploads\/2026\/02\/a9268709-9b6a-4fa9-83b1-40b1eef2f1b9-200x300.avif 200w, https:\/\/chinesethegathering.com\/wp-content\/uploads\/2026\/02\/a9268709-9b6a-4fa9-83b1-40b1eef2f1b9-768x1152.avif 768w, https:\/\/chinesethegathering.com\/wp-content\/uploads\/2026\/02\/a9268709-9b6a-4fa9-83b1-40b1eef2f1b9.avif 1024w\" sizes=\"auto, (max-width: 683px) 100vw, 683px\" \/><\/figure><div class=\"wp-block-media-text__content is-layout-flow wp-block-media-text-is-layout-flow\">\n<p>Magic: The Gathering wurde <strong>1993<\/strong> ver\u00f6ffentlicht und ist damit das <strong>erste Sammelkartenspiel, das jemals entwickelt wurde<\/strong>. Pok\u00e9mon folgte sp\u00e4ter, im Jahr <strong>1996<\/strong>. <\/p>\n\n\n\n<p>Noch wichtiger f\u00fcr Sammler:<br\/>Magic war das <strong>erste TCG, das offiziell auf Chinesisch gedruckt wurde<\/strong>, und ebnete damit den Weg f\u00fcr eine regionale Kartengeschichte, die den meisten Pok\u00e9mon-Ver\u00f6ffentlichungen in Asien vorausgeht. Aus historischer und sammelbarer Sicht nimmt Magic eine grundlegende Rolle ein, die Pok\u00e9mon einfach nicht hat. <\/p>\n<\/div><\/div>\n\n<p><\/p>\n\n<h3 class=\"wp-block-heading\">2. Weitaus mehr Sets und einzigartige Karten in der fr\u00fchen \u00c4ra<\/h3>\n\n<div class=\"wp-block-media-text has-media-on-the-right is-stacked-on-mobile\" style=\"grid-template-columns:auto 20%\"><div class=\"wp-block-media-text__content is-layout-flow wp-block-media-text-is-layout-flow\">\n<p>Zwischen den <strong>sp\u00e4ten 1990er und fr\u00fchen 2000er Jahren<\/strong> explodierte Magic in Bezug auf: Erweiterungssets, einzigartige Kartendesigns und Mechaniken sowie Handlungsstr\u00e4nge<\/p>\n\n\n\n<p>Tausende verschiedener Karten wurden \u00fcber zahlreiche strukturierte Sets hinweg gedruckt und \u00fcbertrafen die Produktion von Pok\u00e9mon im selben Zeitraum bei Weitem. Allein Magics fr\u00fche Produktionsjahre bilden ein enormes sammelbares Universum. <\/p>\n<\/div><figure class=\"wp-block-media-text__media\"><img loading=\"lazy\" decoding=\"async\" width=\"1024\" height=\"1024\" src=\"https:\/\/chinesethegathering.com\/wp-content\/uploads\/2026\/02\/BCO.815f4519-84cf-4360-8b97-c655eb221cfc.avif\" alt=\"\" class=\"wp-image-1354 size-full\" srcset=\"https:\/\/chinesethegathering.com\/wp-content\/uploads\/2026\/02\/BCO.815f4519-84cf-4360-8b97-c655eb221cfc.avif 1024w, https:\/\/chinesethegathering.com\/wp-content\/uploads\/2026\/02\/BCO.815f4519-84cf-4360-8b97-c655eb221cfc-300x300.avif 300w, https:\/\/chinesethegathering.com\/wp-content\/uploads\/2026\/02\/BCO.815f4519-84cf-4360-8b97-c655eb221cfc-150x150.avif 150w, https:\/\/chinesethegathering.com\/wp-content\/uploads\/2026\/02\/BCO.815f4519-84cf-4360-8b97-c655eb221cfc-768x768.avif 768w\" sizes=\"auto, (max-width: 1024px) 100vw, 1024px\" \/><\/figure><\/div>\n\n<p><\/p>\n\n<h3 class=\"wp-block-heading\">3. Magic ist ein Multiversum, nicht ein einzelnes Franchise<\/h3>\n\n<div class=\"wp-block-media-text is-stacked-on-mobile\" style=\"grid-template-columns:35% auto\"><figure class=\"wp-block-media-text__media\"><img loading=\"lazy\" decoding=\"async\" width=\"1024\" height=\"683\" src=\"https:\/\/chinesethegathering.com\/wp-content\/uploads\/2026\/02\/e9998470-c489-4add-bc47-69961a01c0eb-1024x683.avif\" alt=\"\" class=\"wp-image-1356 size-full\" srcset=\"https:\/\/chinesethegathering.com\/wp-content\/uploads\/2026\/02\/e9998470-c489-4add-bc47-69961a01c0eb-1024x683.avif 1024w, https:\/\/chinesethegathering.com\/wp-content\/uploads\/2026\/02\/e9998470-c489-4add-bc47-69961a01c0eb-300x200.avif 300w, https:\/\/chinesethegathering.com\/wp-content\/uploads\/2026\/02\/e9998470-c489-4add-bc47-69961a01c0eb-768x512.avif 768w, https:\/\/chinesethegathering.com\/wp-content\/uploads\/2026\/02\/e9998470-c489-4add-bc47-69961a01c0eb.avif 1536w\" sizes=\"auto, (max-width: 1024px) 100vw, 1024px\" \/><\/figure><div class=\"wp-block-media-text__content is-layout-flow wp-block-media-text-is-layout-flow\">\n<p>Pok\u00e9mon dreht sich um eine zentrale Marke und ein Kreaturen-\u00d6kosystem.<\/p>\n\n\n\n<p>Magic hingegen ist ein <strong>Multiversum von Welten<\/strong>:<\/p>\n\n\n\n<ul class=\"wp-block-list\">\n<li>Sich entwickelnde Lore<\/li>\n\n\n\n<li>Verschiedene Ebenen<\/li>\n\n\n\n<li>Neue Charaktere in jedem Block<\/li>\n<\/ul>\n\n\n\n<p>Und heute geht es noch weiter mit <strong>Universes Beyond<\/strong>, das sich in welt\u00fcbergreifendes Storytelling weit au\u00dferhalb der traditionellen Fantasy ausdehnt. Magic ist nicht ein Franchise. Es ist ein sich st\u00e4ndig erweiterndes narratives Universum. Das verleiht Magic weitaus mehr kreative Langlebigkeit und sammelbare Vielfalt.   <\/p>\n<\/div><\/div>\n\n<p><\/p>\n\n<p><\/p>\n\n<h3 class=\"wp-block-heading\">4. Strukturierte Sets mit klarer Erweiterungsidentit\u00e4t<\/h3>\n\n<figure class=\"wp-block-table\"><table class=\"has-fixed-layout\"><tbody><tr><td>Magic-Sets sind hochgradig organisiert:<\/td><td>F\u00fcr Sammler ist das sehr wichtig. Du kannst sofort erkennen: <\/td><\/tr><tr><td>&#8211; Jede Erweiterung hat ein <strong>einzigartiges Symbol<\/strong><br\/>&#8211; Klare Blockstrukturen<br\/>&#8211; Thematische Mechaniken, die an jede Welt gebunden sind<\/td><td>&#8211; \u00c4ra<br\/>&#8211; Set<br\/>&#8211; Seltenheitskontext<\/td><\/tr><\/tbody><\/table><\/figure>\n\n<p>Pok\u00e9mon-Sets sind strukturell weitaus weniger definiert und verlassen sich oft stark auf Branding statt auf systematische Erweiterungsidentit\u00e4t. Magics System macht den Aufbau historischer Sammlungen klarer, reichhaltiger und bedeutungsvoller. <\/p>\n\n<h3 class=\"wp-block-heading\">5. Spieltiefe: Strategie statt Einfachheit<\/h3>\n\n<div class=\"wp-block-media-text is-stacked-on-mobile is-vertically-aligned-center\" style=\"grid-template-columns:30% auto\"><figure class=\"wp-block-media-text__media\"><img loading=\"lazy\" decoding=\"async\" width=\"1024\" height=\"1024\" src=\"https:\/\/chinesethegathering.com\/wp-content\/uploads\/2026\/02\/BCO.ebe63d2f-9e04-4e09-b6c9-fc2471a20f15.avif\" alt=\"\" class=\"wp-image-1365 size-full\" srcset=\"https:\/\/chinesethegathering.com\/wp-content\/uploads\/2026\/02\/BCO.ebe63d2f-9e04-4e09-b6c9-fc2471a20f15.avif 1024w, https:\/\/chinesethegathering.com\/wp-content\/uploads\/2026\/02\/BCO.ebe63d2f-9e04-4e09-b6c9-fc2471a20f15-300x300.avif 300w, https:\/\/chinesethegathering.com\/wp-content\/uploads\/2026\/02\/BCO.ebe63d2f-9e04-4e09-b6c9-fc2471a20f15-150x150.avif 150w, https:\/\/chinesethegathering.com\/wp-content\/uploads\/2026\/02\/BCO.ebe63d2f-9e04-4e09-b6c9-fc2471a20f15-768x768.avif 768w\" sizes=\"auto, (max-width: 1024px) 100vw, 1024px\" \/><\/figure><div class=\"wp-block-media-text__content is-layout-flow wp-block-media-text-is-layout-flow\">\n<p>Magic wurde als strategieorientiertes Spiel entwickelt:<\/p>\n\n\n\n<ol class=\"wp-block-list\">\n<li>Ressourcenmanagement (Mana-System)<\/li>\n\n\n\n<li>Komplexe Interaktionen<\/li>\n\n\n\n<li>Kompetitive Turnierformate<\/li>\n\n\n\n<li>Tausende spielbare Deck-Archetypen<\/li>\n<\/ol>\n\n\n\n<p>Pok\u00e9mon bleibt von der Konzeption her viel einfacher und richtet sich stark an ein j\u00fcngeres Publikum. Diese Tiefe hat Magic \u00fcber 30 Jahre lang relevant gehalten. <\/p>\n<\/div><\/div>\n\n<p><\/p>\n\n<h3 class=\"wp-block-heading\">6. Echte Seltenheit: Magic-Karten wurden in viel kleineren Mengen gedruckt<\/h3>\n\n<p>Einer der gr\u00f6\u00dften Sammlervorteile von Magic, besonders bei chinesischen Editionen, ist die <strong>Druckauflage<\/strong>.<\/p>\n\n<div class=\"wp-block-media-text has-media-on-the-right is-stacked-on-mobile\" style=\"grid-template-columns:auto 20%\"><div class=\"wp-block-media-text__content is-layout-flow wp-block-media-text-is-layout-flow\">\n<p>Magic-Karten (besonders \u00e4ltere Sets):<\/p>\n\n\n\n<ul class=\"wp-block-list\">\n<li>Wurden in weitaus kleineren Mengen gedruckt als Pok\u00e9mon<\/li>\n\n\n\n<li>Hatten niedrigere \u00dcberlebensraten<\/li>\n\n\n\n<li>Wurden in begrenzteren regionalen Auflagen vertrieben<\/li>\n<\/ul>\n\n\n\n<p>Pok\u00e9mon explodierte als Massenmarkt-Ph\u00e4nomen.<\/p>\n\n\n\n<p>Magic, besonders bei fr\u00fchen chinesischen Drucken, blieb eine Nische, was viele Karten heute dramatisch seltener macht. Knappheit treibt den langfristigen Sammlerwert. Und Magic gewinnt diese Kategorie mit gro\u00dfem Abstand.  <\/p>\n<\/div><figure class=\"wp-block-media-text__media\"><img loading=\"lazy\" decoding=\"async\" width=\"683\" height=\"1024\" src=\"https:\/\/chinesethegathering.com\/wp-content\/uploads\/2026\/02\/523b0de0-f0f8-4a76-b8bd-d08d3b2441d5-683x1024.avif\" alt=\"\" class=\"wp-image-1367 size-full\" srcset=\"https:\/\/chinesethegathering.com\/wp-content\/uploads\/2026\/02\/523b0de0-f0f8-4a76-b8bd-d08d3b2441d5-683x1024.avif 683w, https:\/\/chinesethegathering.com\/wp-content\/uploads\/2026\/02\/523b0de0-f0f8-4a76-b8bd-d08d3b2441d5-200x300.avif 200w, https:\/\/chinesethegathering.com\/wp-content\/uploads\/2026\/02\/523b0de0-f0f8-4a76-b8bd-d08d3b2441d5-768x1152.avif 768w, https:\/\/chinesethegathering.com\/wp-content\/uploads\/2026\/02\/523b0de0-f0f8-4a76-b8bd-d08d3b2441d5.avif 1024w\" sizes=\"auto, (max-width: 683px) 100vw, 683px\" \/><\/figure><\/div>\n\n<p><\/p>\n\n<h2 class=\"wp-block-heading\">Abschlie\u00dfende Gedanken: Warum Magic der Goldstandard f\u00fcr Sammler ist<\/h2>\n\n<h4 class=\"wp-block-heading\">Pok\u00e9mon ist beliebt, aber Magic ist grundlegend.<\/h4>\n\n<p>F\u00fcr Sammler, die Wert auf langfristige Bedeutung legen, spielt Magic: The Gathering in einer eigenen Liga \u2013 insbesondere auf dem chinesischen Markt, wo fr\u00fche Druckauflagen zu den seltensten in der Welt der Sammelkartenspiele geh\u00f6ren.<\/p>\n\n<p class=\"has-medium-font-size\"><em>Pok\u00e9mon mag Mainstream sein. Aber Magic The Gathering ist Erbe. Und beim Sammeln gewinnt immer das Erbe.<\/em><\/p>\n\n<p><\/p>\n","protected":false},"excerpt":{"rendered":"<p>Magic The Gathering vs. Pok\u00e9mon in China: eine Sammlerperspektive Wenn es um Sammelkartenspiele in China geht, dominieren zwei Namen die Gespr\u00e4che unter Spielern und Sammlern gleicherma\u00dfen: Magic: The Gathering und Pok\u00e9mon. W\u00e4hrend Pok\u00e9mon oft die Aufmerksamkeit der breiten Masse auf sich zieht, nimmt Magic eine einzigartige und wohl st\u00e4rkere Position f\u00fcr ernsthafte Sammler ein, besonders &#8230; <a title=\"Pok\u00e9mon vs. MTG\" class=\"read-more\" href=\"https:\/\/chinesethegathering.com\/de\/pokemon-vs-magic-the-gathering\/\" aria-label=\"Mehr Informationen \u00fcber Pok\u00e9mon vs. MTG\">Test<\/a><\/p>\n","protected":false},"author":1,"featured_media":2183,"parent":0,"menu_order":0,"comment_status":"closed","ping_status":"closed","template":"","meta":{"footnotes":""},"class_list":["post-2182","page","type-page","status-publish","has-post-thumbnail"],"_links":{"self":[{"href":"https:\/\/chinesethegathering.com\/de\/wp-json\/wp\/v2\/pages\/2182","targetHints":{"allow":["GET"]}}],"collection":[{"href":"https:\/\/chinesethegathering.com\/de\/wp-json\/wp\/v2\/pages"}],"about":[{"href":"https:\/\/chinesethegathering.com\/de\/wp-json\/wp\/v2\/types\/page"}],"author":[{"embeddable":true,"href":"https:\/\/chinesethegathering.com\/de\/wp-json\/wp\/v2\/users\/1"}],"replies":[{"embeddable":true,"href":"https:\/\/chinesethegathering.com\/de\/wp-json\/wp\/v2\/comments?post=2182"}],"version-history":[{"count":0,"href":"https:\/\/chinesethegathering.com\/de\/wp-json\/wp\/v2\/pages\/2182\/revisions"}],"wp:featuredmedia":[{"embeddable":true,"href":"https:\/\/chinesethegathering.com\/de\/wp-json\/wp\/v2\/media\/2183"}],"wp:attachment":[{"href":"https:\/\/chinesethegathering.com\/de\/wp-json\/wp\/v2\/media?parent=2182"}],"curies":[{"name":"wp","href":"https:\/\/api.w.org\/{rel}","templated":true}]}}