{"id":2146,"date":"2026-02-21T21:30:18","date_gmt":"2026-02-21T21:30:18","guid":{"rendered":"https:\/\/chinesethegathering.com\/karten-mit-alternativer-illustration\/"},"modified":"2026-03-08T19:52:10","modified_gmt":"2026-03-08T19:52:10","slug":"karten-mit-alternativer-illustration","status":"publish","type":"page","link":"https:\/\/chinesethegathering.com\/de\/karten-mit-alternativer-illustration\/","title":{"rendered":"Karten mit alternativer Illustration"},"content":{"rendered":"\n<h2 class=\"wp-block-heading\">Warum manche Karten in der chinesischen Version anders aussehen<\/h2>\n\n<p>Marktspezifische Versionen von Karten werden erstellt, um lokale kulturelle Vorlieben zu respektieren. Das beinhaltet oft, dass Illustrationen mit Skeletten, religi\u00f6sen Symbolen oder sensiblen Motiven angepasst werden, um regionale Vorgaben zu erf\u00fcllen.  <\/p>\n\n<p>Deshalb musste Wizards of the Coast (WotC) das Artwork vieler in China verkaufter Karten \u00e4ndern. Anfangs ersetzten sie die Illustrationen komplett, sp\u00e4ter begannen sie stattdessen, die Originalbilder zu bearbeiten.  Heute bittet WotC K\u00fcnstler meist von Anfang an, diese Standards einzuhalten, sodass spezielles \u201enur f\u00fcr China\u201c Artwork kaum noch n\u00f6tig ist. <strong>Abendk\u00fchle im Jahr 2008 war das letzte Set, das Karten mit alternativem Artwork erhielt.<\/strong><\/p>\n\n<div class=\"wp-block-group is-nowrap is-layout-flex wp-container-core-group-is-layout-ad2f72ca wp-block-group-is-layout-flex\">\n<p><\/p>\n\n\n\n<p><\/p>\n\n\n\n<p><\/p>\n<\/div>\n\n<figure class=\"wp-block-gallery has-nested-images columns-default is-cropped wp-block-gallery-1 is-layout-flex wp-block-gallery-is-layout-flex\">\n<figure class=\"wp-block-image size-large\"><img loading=\"lazy\" decoding=\"async\" width=\"500\" height=\"371\" data-id=\"1261\" src=\"https:\/\/chinesethegathering.com\/wp-content\/uploads\/2026\/02\/6589.avif\" alt=\"\" class=\"wp-image-1261\" srcset=\"https:\/\/chinesethegathering.com\/wp-content\/uploads\/2026\/02\/6589.avif 500w, https:\/\/chinesethegathering.com\/wp-content\/uploads\/2026\/02\/6589-300x223.avif 300w\" sizes=\"auto, (max-width: 500px) 100vw, 500px\" \/><\/figure>\n\n\n\n<figure class=\"wp-block-image size-large\"><img loading=\"lazy\" decoding=\"async\" width=\"502\" height=\"371\" data-id=\"1258\" src=\"https:\/\/chinesethegathering.com\/wp-content\/uploads\/2026\/02\/image-2.avif\" alt=\"\" class=\"wp-image-1258\" srcset=\"https:\/\/chinesethegathering.com\/wp-content\/uploads\/2026\/02\/image-2.avif 502w, https:\/\/chinesethegathering.com\/wp-content\/uploads\/2026\/02\/image-2-300x222.avif 300w\" sizes=\"auto, (max-width: 502px) 100vw, 502px\" \/><\/figure>\n<\/figure>\n\n<p class=\"has-small-font-size\"><em>Wache des Hauses Dimir<\/em> aus dem englischen Ravnica: Stadt der Gilden vs. <em>Wache des Hauses Dimir<\/em> (vereinfachtes Chinesisch) mit alternativer Illustration (der Hauptfigur wurde Haut hinzugef\u00fcgt) von John Zeleznik.<em> (Quelle: <a href=\"https:\/\/www.magiclibrarities.net\/506-rarities-simplified-chinese-alternate-art-cards-simplified-chinese-cards-index.html\" data-type=\"link\" data-id=\"https:\/\/www.magiclibrarities.net\/506-rarities-simplified-chinese-alternate-art-cards-simplified-chinese-cards-index.html\" target=\"_blank\" rel=\"noreferrer noopener\">Magic Librarities<\/a>)<\/em><\/p>\n\n<h3 class=\"wp-block-heading\">Die \u201eSkelett\u201c-Regel \u00e4nderte sich 2008<\/h3>\n\n<p>2008 fragten sich Fans, wie das Set <em>Fragmente von Alara<\/em> \u2013 das voller Skelette war \u2013 in China verkauft werden konnte.<\/p>\n\n<ul class=\"wp-block-list\">\n<li><strong>Kreative Entscheidung<\/strong>: WotC entschied sich, f\u00fcr dieses Set nicht Hunderte alternativer Karten zu erstellen.<\/li>\n\n\n\n<li><strong>Kulturwandel<\/strong>: W\u00e4hrend Skelette fr\u00fcher von \u00e4lteren Menschen als \u201eUngl\u00fcck\u201c angesehen wurden, finden j\u00fcngere Spieler sie \u201eedgy\u201c oder cool.<\/li>\n\n\n\n<li><strong>Genehmigung<\/strong>: Das WotC-B\u00fcro in China erlaubte die Ver\u00f6ffentlichung des Sets ohne \u00c4nderungen.<\/li>\n<\/ul>\n\n<figure class=\"wp-block-image size-full\"><img loading=\"lazy\" decoding=\"async\" width=\"1200\" height=\"199\" src=\"https:\/\/chinesethegathering.com\/wp-content\/uploads\/2026\/02\/Sans-titre-2.avif\" alt=\"\" class=\"wp-image-1291\" style=\"object-fit:cover\" srcset=\"https:\/\/chinesethegathering.com\/wp-content\/uploads\/2026\/02\/Sans-titre-2.avif 1200w, https:\/\/chinesethegathering.com\/wp-content\/uploads\/2026\/02\/Sans-titre-2-300x50.avif 300w, https:\/\/chinesethegathering.com\/wp-content\/uploads\/2026\/02\/Sans-titre-2-1024x170.avif 1024w, https:\/\/chinesethegathering.com\/wp-content\/uploads\/2026\/02\/Sans-titre-2-768x127.avif 768w\" sizes=\"auto, (max-width: 1200px) 100vw, 1200px\" \/><\/figure>\n\n<p class=\"has-small-font-size\"><em>Golgari-Gildenmagier aus dem englischen Ravnica: Stadt der Gilden vs. Golgari-Gildenmagier (vereinfachtes Chinesisch) mit alternativer Illustration (der Sch\u00e4del wurde \u00fcbermalt und durch eine steinerne Kugel ersetzt) von Zoltan Boros &amp; Gabor Szikszai. (Quelle: <a href=\"https:\/\/www.magiclibrarities.net\/506-rarities-simplified-chinese-alternate-art-cards-simplified-chinese-cards-index.html\" data-type=\"link\" data-id=\"https:\/\/www.magiclibrarities.net\/506-rarities-simplified-chinese-alternate-art-cards-simplified-chinese-cards-index.html\" target=\"_blank\" rel=\"noreferrer noopener\">Magic Librarities<\/a>) <\/em><\/p>\n\n<h3 class=\"wp-block-heading\">Karten mit alternativer Illustration (nur Nicht-Foil)<\/h3>\n\n<p>Hier ist die Liste der <strong>101 einzigartigen alternativen Illustrationen<\/strong>, die in chinesischen Sets vorkommen, ohne Foil-Versionen. Wenn du mehr Details m\u00f6chtest, empfehle ich dir den entsprechenden Bereich auf <a href=\"https:\/\/www.magiclibrarities.net\/510-rarities-simplified-chinese-alternate-art-cards-simplified-chinese-cards-index.html\" data-type=\"link\" data-id=\"https:\/\/www.magiclibrarities.net\/510-rarities-simplified-chinese-alternate-art-cards-simplified-chinese-cards-index.html\" target=\"_blank\" rel=\"noreferrer noopener\">Magic Librarities<\/a>. <\/p>\n\n<hr class=\"wp-block-separator has-alpha-channel-opacity\"\/>\n    \n    <style>\n        .mtg-table { width: 100%; border-collapse: collapse; text-align: center; font-family: sans-serif; margin: 20px 0; border: 1px solid #ddd; }\n        .mtg-table td:not(.mtg-header) { padding: 15px 5px; border: 1px solid #ddd; transition: all 0.3s ease; width: 20%; vertical-align: middle; }\n        .mtg-table td:not(.mtg-header):hover { transform: scale(1.1); z-index: 10; position: relative; background-color: #f9f9f9; box-shadow: 0 4px 12px rgba(0,0,0,0.1); }\n        .mtg-header { background-color: #333; color: #fff; font-weight: bold; padding: 12px !important; text-transform: uppercase; font-size: 0.9em; letter-spacing: 1px; }\n        .mtg-table a { text-decoration: none; color: inherit; display: block; }\n        .card-count { display: block; font-size: 0.8em; margin-top: 8px; color: #666; font-weight: normal; }\n    <\/style>\n\n    <table class=\"mtg-table\">\n      <tbody>\n        <tr><td colspan=\"5\" class=\"mtg-header\">Alter Rahmen (1997-2001)<\/td><\/tr>\n        <tr>\n          <td><a href=\"https:\/\/chinesethegathering.com\/de\/portal-alternate-arts\/\"><i class=\"ss ss-por ss-2x\"><\/i><span class=\"card-count\">29 Karten<\/span><\/a><\/td>\n          <td><a href=\"https:\/\/chinesethegathering.com\/de\/fifth-edition-alternate-arts\/\"><i class=\"ss ss-5ed ss-2x\"><\/i><span class=\"card-count\">6 Karten<\/span><\/a><\/td>\n          <td><a href=\"https:\/\/chinesethegathering.com\/de\/sixth-edition-alternate-arts\/\"><i class=\"ss ss-6ed ss-2x\"><\/i><span class=\"card-count\">1 Karten<\/span><\/a><\/td>\n          <td><a href=\"https:\/\/chinesethegathering.com\/de\/seventh-edition-alternate-arts\/\"><i class=\"ss ss-7ed ss-2x\"><\/i><span class=\"card-count\">4 Karten<\/span><\/a><\/td>\n          <td><a href=\"https:\/\/chinesethegathering.com\/de\/urzas-saga-alternate-arts\/\"><i class=\"ss ss-usg ss-2x\"><\/i><span class=\"card-count\">7 Karten<\/span><\/a><\/td>\n        <\/tr>\n        <tr>\n          <td><a href=\"https:\/\/chinesethegathering.com\/de\/invasion-alternate-arts\/\"><i class=\"ss ss-inv ss-2x\"><\/i><span class=\"card-count\">2 Karten<\/span><\/a><\/td>\n          <td><a href=\"https:\/\/chinesethegathering.com\/de\/odyssey-alternate-arts\/\"><i class=\"ss ss-ody ss-2x\"><\/i><span class=\"card-count\">4 Karten<\/span><\/a><\/td>\n          <td colspan=\"3\" style=\"background: #fafafa;\"><\/td>\n        <\/tr>\n\n        <tr><td colspan=\"5\" class=\"mtg-header\">Moderner Rahmen (2003-2008)<\/td><\/tr>\n        <tr>\n          <td><a href=\"https:\/\/chinesethegathering.com\/de\/eight-edition-alternate-arts\/\"><i class=\"ss ss-8ed ss-2x\"><\/i><span class=\"card-count\">3 Karten<\/span><\/a><\/td>\n          <td><a href=\"https:\/\/chinesethegathering.com\/de\/tenth-x-edition\/\"><i class=\"ss ss-10e ss-2x\"><\/i><span class=\"card-count\">9 Karten<\/span><\/a><\/td>\n          <td><a href=\"https:\/\/chinesethegathering.com\/de\/darksteel-alternate-arts\/\"><i class=\"ss ss-dst ss-2x\"><\/i><span class=\"card-count\">1 Karten<\/span><\/a><\/td>\n          <td><a href=\"https:\/\/chinesethegathering.com\/de\/ravnica-city-of-guilds-alternate-arts\/\"><i class=\"ss ss-rav ss-2x\"><\/i><span class=\"card-count\">7 Karten<\/span><\/a><\/td>\n          <td><a href=\"https:\/\/chinesethegathering.com\/de\/guildpact-alternate-arts\/\"><i class=\"ss ss-gpt ss-2x\"><\/i><span class=\"card-count\">3 Karten<\/span><\/a><\/td>\n        <\/tr>\n        <tr>\n          <td><a href=\"https:\/\/chinesethegathering.com\/de\/dissension-alternate-arts\/\"><i class=\"ss ss-dis ss-2x\"><\/i><span class=\"card-count\">1 Karten<\/span><\/a><\/td>\n          <td><a href=\"https:\/\/chinesethegathering.com\/de\/time-spiral-alternate-arts\/\"><i class=\"ss ss-tsp ss-2x\"><\/i><span class=\"card-count\">2 Karten<\/span><\/a><\/td>\n          <td><a href=\"https:\/\/chinesethegathering.com\/de\/planar-chaos-alternate-arts\/\"><i class=\"ss ss-plc ss-2x\"><\/i><span class=\"card-count\">1 Karten<\/span><\/a><\/td>\n          <td><a href=\"https:\/\/chinesethegathering.com\/de\/future-sight-alternate-arts\/\"><i class=\"ss ss-fut ss-2x\"><\/i><span class=\"card-count\">5 Karten<\/span><\/a><\/td>\n          <td><a href=\"https:\/\/chinesethegathering.com\/de\/lorwyn-alternate-arts\/\"><i class=\"ss ss-lrw ss-2x\"><\/i><span class=\"card-count\">1 Karten<\/span><\/a><\/td>\n        <\/tr>\n        <tr>\n          <td><a href=\"https:\/\/chinesethegathering.com\/de\/morningtide-alternate-arts\/\"><i class=\"ss ss-mor ss-2x\"><\/i><span class=\"card-count\">3 Karten<\/span><\/a><\/td>\n          <td><a href=\"https:\/\/chinesethegathering.com\/de\/shadowmoor-alternate-arts\/\"><i class=\"ss ss-shm ss-2x\"><\/i><span class=\"card-count\">8 Karten<\/span><\/a><\/td>\n          <td><a href=\"https:\/\/chinesethegathering.com\/de\/eventide-alternate-arts\/\"><i class=\"ss ss-eve ss-2x\"><\/i><span class=\"card-count\">4 Karten<\/span><\/a><\/td>\n          <td colspan=\"2\" style=\"background: #fafafa;\"><\/td>\n        <\/tr>\n      <\/tbody>\n    <\/table>\n\n    \n\n<p><strong>Foil-Versionen dieser Karten gibt es seit dem Odyssee-Set 2001. Einige der Foil-Varianten dieser Karten sind unglaublich selten und teuer. <\/strong><\/p>\n\n<p><\/p>\n\n<blockquote class=\"wp-block-quote is-layout-flow wp-block-quote-is-layout-flow\">\n<p class=\"has-base-2-background-color has-background\">Wusstest du schon? Es gibt nur 8 Foil-Karten mit altem Rahmen und exklusivem chinesischen Artwork: 4 aus der Siebten Edition und 4 aus Odyssee. Tats\u00e4chlich wurden die Invasion-Foil-Karten mit alternativem Artwork auf Englisch gedruckt!  <\/p>\n<\/blockquote>\n\n<figure class=\"wp-block-image size-full\"><img loading=\"lazy\" decoding=\"async\" width=\"1200\" height=\"300\" src=\"https:\/\/chinesethegathering.com\/wp-content\/uploads\/2026\/02\/Sans-titre-1.avif\" alt=\"\" class=\"wp-image-1289\" srcset=\"https:\/\/chinesethegathering.com\/wp-content\/uploads\/2026\/02\/Sans-titre-1.avif 1200w, https:\/\/chinesethegathering.com\/wp-content\/uploads\/2026\/02\/Sans-titre-1-300x75.avif 300w, https:\/\/chinesethegathering.com\/wp-content\/uploads\/2026\/02\/Sans-titre-1-1024x256.avif 1024w, https:\/\/chinesethegathering.com\/wp-content\/uploads\/2026\/02\/Sans-titre-1-768x192.avif 768w\" sizes=\"auto, (max-width: 1200px) 100vw, 1200px\" \/><\/figure>\n\n<p class=\"has-small-font-size\"><em>Ins Ged\u00e4chtnis zur\u00fcckrufen aus dem englischen Ravnica: Stadt der Gilden vs. Ins Ged\u00e4chtnis zur\u00fcckrufen (vereinfachtes Chinesisch) mit alternativer Illustration (der Sch\u00e4del wurde \u00fcbermalt und durch ein magisches Schmuckst\u00fcck aus der Vergangenheit ersetzt) von Pete Venters. (Quelle: <a href=\"https:\/\/www.magiclibrarities.net\/506-rarities-simplified-chinese-alternate-art-cards-simplified-chinese-cards-index.html\" data-type=\"link\" data-id=\"https:\/\/www.magiclibrarities.net\/506-rarities-simplified-chinese-alternate-art-cards-simplified-chinese-cards-index.html\" target=\"_blank\" rel=\"noreferrer noopener\">Magic Librarities<\/a>) <\/em><\/p>\n\n<h3 class=\"wp-block-heading\">Diese Karten sind aus drei einfachen Gr\u00fcnden extrem selten<\/h3>\n\n<ul class=\"wp-block-list\">\n<li><strong>Kleine Auflagen:<\/strong> Anfang der 2000er war die Magic-Community in China sehr klein. Im Vergleich zu englischen oder japanischen Versionen wurden nur sehr wenige dieser Karten gedruckt. <\/li>\n\n\n\n<li><strong>Sie wurden nur ein einziges Mal hergestellt:<\/strong> Diese einzigartigen Illustrationen wurden nur f\u00fcr bestimmte Sets erstellt, um lokalen Gepflogenheiten zu entsprechen. Als Wizards of the Coast den Illustrationsstil so anpasste, dass er weltweit in allen M\u00e4rkten funktioniert, wurden diese \u201eSpezialversionen\u201c nie wieder gedruckt. <\/li>\n\n\n\n<li><strong>Mit der Zeit verloren gegangen:<\/strong> Viele dieser Karten wurden von Spielern ohne Sleeves benutzt oder vor Jahren weggeworfen, weil niemand wusste, dass sie etwas Besonderes sind.<\/li>\n<\/ul>\n\n<p>Unsere liebste Karte mit alternativem Artwork aus <strong>Urzas Saga: Feuerameisen von Tom Fleming<\/strong>. Warum ist sie so besonders? Weil das chinesische Artwork nicht einfach eine angepasste Kopie der Originalillustration ist. Zudem wurden im Gegensatz zu den Portal-Alternativkarten beide Versionen der Karte vom selben K\u00fcnstler illustriert.   <\/p>\n\n<figure class=\"wp-block-gallery has-nested-images columns-default is-cropped wp-block-gallery-2 is-layout-flex wp-block-gallery-is-layout-flex\">\n<figure class=\"wp-block-image size-full\"><img loading=\"lazy\" decoding=\"async\" width=\"672\" height=\"936\" data-id=\"1275\" src=\"https:\/\/chinesethegathering.com\/wp-content\/uploads\/2026\/02\/image-9.avif\" alt=\"\" class=\"wp-image-1275\" srcset=\"https:\/\/chinesethegathering.com\/wp-content\/uploads\/2026\/02\/image-9.avif 672w, https:\/\/chinesethegathering.com\/wp-content\/uploads\/2026\/02\/image-9-215x300.avif 215w\" sizes=\"auto, (max-width: 672px) 100vw, 672px\" \/><\/figure>\n\n\n\n<figure class=\"wp-block-image size-full\"><img loading=\"lazy\" decoding=\"async\" width=\"488\" height=\"680\" data-id=\"1274\" src=\"https:\/\/chinesethegathering.com\/wp-content\/uploads\/2026\/02\/image-8.avif\" alt=\"\" class=\"wp-image-1274\" srcset=\"https:\/\/chinesethegathering.com\/wp-content\/uploads\/2026\/02\/image-8.avif 488w, https:\/\/chinesethegathering.com\/wp-content\/uploads\/2026\/02\/image-8-215x300.avif 215w\" sizes=\"auto, (max-width: 488px) 100vw, 488px\" \/><\/figure>\n<\/figure>\n\n<p><\/p>\n\n<p><strong>Heute haben Sammler in China bereits die meisten der verbliebenen Exemplare gekauft<\/strong>. Weil Magic 2024 aufgeh\u00f6rt hat, physische Karten auf vereinfachtem Chinesisch zu drucken, sind diese 101 Karten zu \u201eGeister\u201c-Items geworden \u2013 <strong>sie sind auf dem Markt fast unm\u00f6glich zu finden, sogar in ihrem Heimatland<\/strong>. In Europa und Amerika findet man diese Karten noch, aber ihr Wert steigt schnell. Wenn du \u00fcber diese Karten stolperst, schnapp sie dir, bevor es zu sp\u00e4t ist.   <\/p>\n\n<div style=\"position:relative;padding-top:56.25%;\"><iframe src=\"https:\/\/player.mediadelivery.net\/embed\/603413\/139d53d4-f216-465f-b21d-f06d337f1dcb?autoplay=false&#038;loop=false&#038;muted=false&#038;preload=true&#038;responsive=true\" loading=\"lazy\" style=\"border:0;position:absolute;top:0;height:100%;width:100%;\" allow=\"accelerometer;gyroscope;autoplay;encrypted-media;picture-in-picture;\" allowfullscreen=\"true\"><\/iframe><\/div>\n\n<p><\/p>\n","protected":false},"excerpt":{"rendered":"<p>Warum manche Karten in der chinesischen Version anders aussehen Marktspezifische Versionen von Karten werden erstellt, um lokale kulturelle Vorlieben zu respektieren. Das beinhaltet oft, dass Illustrationen mit Skeletten, religi\u00f6sen Symbolen oder sensiblen Motiven angepasst werden, um regionale Vorgaben zu erf\u00fcllen. Deshalb musste Wizards of the Coast (WotC) das Artwork vieler in China verkaufter Karten \u00e4ndern. &#8230; <a title=\"Karten mit alternativer Illustration\" class=\"read-more\" href=\"https:\/\/chinesethegathering.com\/de\/karten-mit-alternativer-illustration\/\" aria-label=\"Mehr Informationen \u00fcber Karten mit alternativer Illustration\">Test<\/a><\/p>\n","protected":false},"author":1,"featured_media":2154,"parent":0,"menu_order":0,"comment_status":"closed","ping_status":"closed","template":"","meta":{"footnotes":""},"class_list":["post-2146","page","type-page","status-publish","has-post-thumbnail"],"_links":{"self":[{"href":"https:\/\/chinesethegathering.com\/de\/wp-json\/wp\/v2\/pages\/2146","targetHints":{"allow":["GET"]}}],"collection":[{"href":"https:\/\/chinesethegathering.com\/de\/wp-json\/wp\/v2\/pages"}],"about":[{"href":"https:\/\/chinesethegathering.com\/de\/wp-json\/wp\/v2\/types\/page"}],"author":[{"embeddable":true,"href":"https:\/\/chinesethegathering.com\/de\/wp-json\/wp\/v2\/users\/1"}],"replies":[{"embeddable":true,"href":"https:\/\/chinesethegathering.com\/de\/wp-json\/wp\/v2\/comments?post=2146"}],"version-history":[{"count":0,"href":"https:\/\/chinesethegathering.com\/de\/wp-json\/wp\/v2\/pages\/2146\/revisions"}],"wp:featuredmedia":[{"embeddable":true,"href":"https:\/\/chinesethegathering.com\/de\/wp-json\/wp\/v2\/media\/2154"}],"wp:attachment":[{"href":"https:\/\/chinesethegathering.com\/de\/wp-json\/wp\/v2\/media?parent=2146"}],"curies":[{"name":"wp","href":"https:\/\/api.w.org\/{rel}","templated":true}]}}