{"id":2058,"date":"2026-02-11T10:22:53","date_gmt":"2026-02-11T10:22:53","guid":{"rendered":"https:\/\/chinesethegathering.com\/moderne-aera-2019-2022\/"},"modified":"2026-02-27T21:42:32","modified_gmt":"2026-02-27T21:42:32","slug":"moderne-aera-2019-2022","status":"publish","type":"page","link":"https:\/\/chinesethegathering.com\/de\/moderne-aera-2019-2022\/","title":{"rendered":"Die moderne \u00c4ra"},"content":{"rendered":"\n<p>F\u00fcr viele Sammler sind die Jahre zwischen 2019 und 2022 die absolut beste Zeit f\u00fcr traditionell-chinesische Magic-Karten. W\u00e4hrend sich das Spiel weltweit ver\u00e4nderte, gab es in diesem speziellen Sprachmarkt unglaubliche Designs und extreme Seltenheit. <\/p>\n\n<h3 class=\"wp-block-heading\">Eine Phase mit unglaublichem Design und geringer Verf\u00fcgbarkeit<\/h3>\n\n<p>In diesen drei Jahren waren die Kartendesigns hervorragend. Gegen Ende dieses Zeitraums wurden die <strong>Auflagen jedoch sehr klein<\/strong>. Dadurch geh\u00f6ren diese Karten zu den seltensten modernen Items im Spiel.  <\/p>\n\n<ul class=\"wp-block-list\">\n<li><strong>Commander-Decks:<\/strong> Diese waren auf Traditionell-Chinesisch fast unm\u00f6glich zu finden.<\/li>\n\n\n\n<li><strong>Keine Collector-Booster:<\/strong> Keines der modernen Sets in dieser Sprache hatte \u201eCollector Boxes\u201c. Dadurch ist es f\u00fcr Sammler eine riesige Herausforderung, Karten mit \u201eAlternate Frame Art\u201c zu finden. <\/li>\n\n\n\n<li><strong>Nur eine Art Box pro modernem Set:<\/strong> Draft- oder Set-Booster-Boxen.<\/li>\n<\/ul>\n\n<h3 class=\"wp-block-heading\">Das R\u00e4tsel um die Boxen<\/h3>\n\n<p>Wie Wizards of the Coast diese Sets ver\u00f6ffentlicht hat, war sehr uneinheitlich \u2013 das machte die Suche noch schwieriger:<\/p>\n\n<ul class=\"wp-block-list\">\n<li><strong>Nur Set-Booster:<\/strong> Nur drei Sets hatten das Gl\u00fcck, Set-Booster-Boxen zu bekommen: <em>Kamigawa: Neon-Dynastie<\/em>, <em>Stra\u00dfen von Neu-Capenna<\/em> und <em>Commander Legenden: Schlacht um Baldur&#8217;s Gatee<\/em>.<\/li>\n\n\n\n<li><strong>Nur Draft-Booster:<\/strong> Einige gro\u00dfe Sets wie <em>Kaldheim<\/em>, <em>Strixhaven: Akademie der Magier<\/em>, <em>Innistrad: Blutroter Bund<\/em>, <em>Innistrad: Mitternachtsjagd<\/em> und <em>Abenteuer in den Forgotten Realms<\/em> gab es nur als Draft-Booster-Boxen.<\/li>\n<\/ul>\n\n<div class=\"wp-block-media-text is-stacked-on-mobile\" style=\"grid-template-columns:15% auto\"><figure class=\"wp-block-media-text__media\"><img loading=\"lazy\" decoding=\"async\" width=\"672\" height=\"936\" src=\"https:\/\/chinesethegathering.com\/wp-content\/uploads\/2026\/02\/clb-1-faceless-one.avif\" alt=\"\" class=\"wp-image-1477 size-full\" srcset=\"https:\/\/chinesethegathering.com\/wp-content\/uploads\/2026\/02\/clb-1-faceless-one.avif 672w, https:\/\/chinesethegathering.com\/wp-content\/uploads\/2026\/02\/clb-1-faceless-one-215x300.avif 215w\" sizes=\"auto, (max-width: 672px) 100vw, 672px\" \/><\/figure><div class=\"wp-block-media-text__content is-layout-flow wp-block-media-text-is-layout-flow\">\n<p class=\"has-base-2-background-color has-background\"><em>Wusstest du schon? Der Gesichtslose ist Nummer 001\/361 des Sets Commander Legenden: Schlacht um Baldur&#8217;s Gate. Diese besondere Karte ist nur in Draft-Booster-Boxen erh\u00e4ltlich. Und da es keine Draft-Booster-Boxen von Commander Legenden: Schlacht um Baldur&#8217;s Gate auf Traditionell-Chinesisch gibt, gibt es keine M\u00f6glichkeit, das Set in dieser Sprache zu vervollst\u00e4ndigen. Das gilt \u00fcbrigens auch f\u00fcr Koreanisch!    <\/em><\/p>\n<\/div><\/div>\n\n<p><\/p>\n\n<h3 class=\"wp-block-heading\">Die legend\u00e4ren Box Toppers<\/h3>\n\n<p>Einer der spannendsten (und frustrierendsten!) Teile dieser \u00c4ra waren die <strong>Box Toppers<\/strong>. Das sind besondere Zusatzkarten, die in den Display-Boxen liegen. Auf Traditionell-Chinesisch sind sie legend\u00e4r, weil sie so schwer zu finden sind:  <\/p>\n\n<div class=\"wp-block-media-text is-stacked-on-mobile\" style=\"grid-template-columns:15% auto\"><figure class=\"wp-block-media-text__media\"><img loading=\"lazy\" decoding=\"async\" width=\"672\" height=\"936\" src=\"https:\/\/chinesethegathering.com\/wp-content\/uploads\/2026\/02\/iko-379-illuna-apex-of-wishes.avif\" alt=\"\" class=\"wp-image-1485 size-full\" srcset=\"https:\/\/chinesethegathering.com\/wp-content\/uploads\/2026\/02\/iko-379-illuna-apex-of-wishes.avif 672w, https:\/\/chinesethegathering.com\/wp-content\/uploads\/2026\/02\/iko-379-illuna-apex-of-wishes-215x300.avif 215w\" sizes=\"auto, (max-width: 672px) 100vw, 672px\" \/><\/figure><div class=\"wp-block-media-text__content is-layout-flow wp-block-media-text-is-layout-flow\">\n<ul class=\"wp-block-list\">\n<li><strong>Innistrad: Blutroter Bund:<\/strong> Dieses Set enthielt <strong>12 Toppers<\/strong> (Dracula-Serie) \u2013 das macht es f\u00fcr Komplettsammler noch einmal schwieriger.<\/li>\n\n\n\n<li><strong>Zendikars Erneuerung:<\/strong> Dieses Set hatte <strong>30 Toppers<\/strong> (Expeditions). Einen bestimmten davon auf T-Chinesisch zu finden, ist eine riesige Aufgabe. <\/li>\n\n\n\n<li><strong>Ikoria: Lair of Behemoths:<\/strong> Dieses Set enthielt die ber\u00fchmte <strong>13 Toppers Kaiju (Godzilla)<\/strong>-Serie. Da die Auflage so gering war, sind diese Karten mit Monstermotiven heute fast unm\u00f6glich zu finden. <\/li>\n<\/ul>\n<\/div><\/div>\n\n<p><\/p>\n\n<h3 class=\"wp-block-heading\">Das gro\u00dfe Finale: Baldur\u2019s Gate<\/h3>\n\n<p>Die \u00c4ra endete mit einem Knall mit <strong>Commander Legenden: Schlacht um Baldur&#8217;s Gate<\/strong>. Dieses Set war riesig f\u00fcr T-chinesische Sammler. Wenn du Token und Art-Karten mitz\u00e4hlt, gibt es in dieser Sprache \u00fcber <strong>1.000 verschiedene Karten<\/strong> zu sammeln. Es hat wirklich das Beste bis zum Schluss aufgehoben.   <\/p>\n\n<h3 class=\"wp-block-heading\">Das \u201eversteckte\u201c Set: Warhammer 40.000<\/h3>\n\n<p>Wusstest du, dass es ein \u201egeheimes\u201c Set gibt, das selbst bekannte Websites wie Scryfall nicht auff\u00fchren? W\u00e4hrend die meisten denken, <em>Dominarias Bund<\/em> h\u00e4tte das letzte Set sein sollen (auch wenn es nie auf T-Chinesisch gedruckt wurde), ist das tats\u00e4chliche letzte Geister-Set <strong>Warhammer 40.000<\/strong>. Es wurde auf Traditionell-Chinesisch gedruckt und ist unglaublich selten \u2013 damit ist es der \u201eheilige Gral\u201c f\u00fcr Sammler dieser \u00c4ra.  <\/p>\n\n<div class=\"wp-block-wpbb-wbd-progress-bar\"><div class=\"progress-name\" style=\"color:#333333;font-size:16px;font-family:inherit\">Projektabschluss: 29 Sets (von 29)<\/div><div class=\"progress-track\" style=\"background-color:#e5e5e5;height:32px\"><div class=\"progress-fill\" style=\"width:95%;background-color:#c43d3d\"><span class=\"progress-percentage\" style=\"color:#ffffff;font-size:14px;font-family:inherit\">95%<\/span><\/div><\/div><\/div>\n\n<p><em>Das vergessene Set auf Traditionell-Chinesisch:<\/em><\/p>\n<div class=\"wp-block-image\">\n<figure class=\"aligncenter size-full\"><img loading=\"lazy\" decoding=\"async\" width=\"967\" height=\"34\" src=\"https:\/\/chinesethegathering.com\/wp-content\/uploads\/2026\/02\/Capture-decran-2026-02-12-222152.avif\" alt=\"\" class=\"wp-image-195\" style=\"aspect-ratio:28.444444444444443\" srcset=\"https:\/\/chinesethegathering.com\/wp-content\/uploads\/2026\/02\/Capture-decran-2026-02-12-222152.avif 967w, https:\/\/chinesethegathering.com\/wp-content\/uploads\/2026\/02\/Capture-decran-2026-02-12-222152-300x11.avif 300w, https:\/\/chinesethegathering.com\/wp-content\/uploads\/2026\/02\/Capture-decran-2026-02-12-222152-768x27.avif 768w\" sizes=\"auto, (max-width: 967px) 100vw, 967px\" \/><\/figure>\n<\/div>\n<p><\/p>\n\n<p><em>Scryfall-Setliste, die das Projekt abdeckt:<\/em><\/p>\n<div class=\"wp-block-image\">\n<figure class=\"aligncenter size-full\"><img loading=\"lazy\" decoding=\"async\" width=\"969\" height=\"928\" src=\"https:\/\/chinesethegathering.com\/wp-content\/uploads\/2026\/02\/Capture-decran-2026-02-12-222034.avif\" alt=\"\" class=\"wp-image-193\" srcset=\"https:\/\/chinesethegathering.com\/wp-content\/uploads\/2026\/02\/Capture-decran-2026-02-12-222034.avif 969w, https:\/\/chinesethegathering.com\/wp-content\/uploads\/2026\/02\/Capture-decran-2026-02-12-222034-300x287.avif 300w, https:\/\/chinesethegathering.com\/wp-content\/uploads\/2026\/02\/Capture-decran-2026-02-12-222034-768x736.avif 768w\" sizes=\"auto, (max-width: 969px) 100vw, 969px\" \/><\/figure>\n<\/div>\n<p><\/p>\n","protected":false},"excerpt":{"rendered":"<p>F\u00fcr viele Sammler sind die Jahre zwischen 2019 und 2022 die absolut beste Zeit f\u00fcr traditionell-chinesische Magic-Karten. W\u00e4hrend sich das Spiel weltweit ver\u00e4nderte, gab es in diesem speziellen Sprachmarkt unglaubliche Designs und extreme Seltenheit. Eine Phase mit unglaublichem Design und geringer Verf\u00fcgbarkeit In diesen drei Jahren waren die Kartendesigns hervorragend. Gegen Ende dieses Zeitraums wurden &#8230; <a title=\"Die moderne \u00c4ra\" class=\"read-more\" href=\"https:\/\/chinesethegathering.com\/de\/moderne-aera-2019-2022\/\" aria-label=\"Mehr Informationen \u00fcber Die moderne \u00c4ra\">Test<\/a><\/p>\n","protected":false},"author":1,"featured_media":2059,"parent":0,"menu_order":0,"comment_status":"closed","ping_status":"closed","template":"","meta":{"footnotes":""},"class_list":["post-2058","page","type-page","status-publish","has-post-thumbnail"],"_links":{"self":[{"href":"https:\/\/chinesethegathering.com\/de\/wp-json\/wp\/v2\/pages\/2058","targetHints":{"allow":["GET"]}}],"collection":[{"href":"https:\/\/chinesethegathering.com\/de\/wp-json\/wp\/v2\/pages"}],"about":[{"href":"https:\/\/chinesethegathering.com\/de\/wp-json\/wp\/v2\/types\/page"}],"author":[{"embeddable":true,"href":"https:\/\/chinesethegathering.com\/de\/wp-json\/wp\/v2\/users\/1"}],"replies":[{"embeddable":true,"href":"https:\/\/chinesethegathering.com\/de\/wp-json\/wp\/v2\/comments?post=2058"}],"version-history":[{"count":0,"href":"https:\/\/chinesethegathering.com\/de\/wp-json\/wp\/v2\/pages\/2058\/revisions"}],"wp:featuredmedia":[{"embeddable":true,"href":"https:\/\/chinesethegathering.com\/de\/wp-json\/wp\/v2\/media\/2059"}],"wp:attachment":[{"href":"https:\/\/chinesethegathering.com\/de\/wp-json\/wp\/v2\/media?parent=2058"}],"curies":[{"name":"wp","href":"https:\/\/api.w.org\/{rel}","templated":true}]}}