{"id":1960,"date":"2026-02-11T20:55:42","date_gmt":"2026-02-11T20:55:42","guid":{"rendered":"https:\/\/chinesethegathering.com\/goldene-aera-1995-2003\/"},"modified":"2026-03-31T20:20:06","modified_gmt":"2026-03-31T20:20:06","slug":"goldene-aera-1995-2003","status":"publish","type":"page","link":"https:\/\/chinesethegathering.com\/de\/goldene-aera-1995-2003\/","title":{"rendered":"Die goldene \u00c4ra"},"content":{"rendered":"\n<h3 class=\"wp-block-heading\"><strong>Magic: The Gathering (1995\u20132003)<\/strong><\/h3>\n\n<p>Diese Sammlung stellt eine definitive historische Aufzeichnung von <strong>Magic: The Gathering<\/strong> dar, wie es erstmals in der chinesischsprachigen Welt ver\u00f6ffentlicht wurde. Sie reicht von der allerersten chinesischen Auflage im Jahr 1995 bis zum wichtigen Jahr 2003, das den Beginn einer zehnj\u00e4hrigen Pause f\u00fcr traditionelle chinesische Sets markierte. Diese Zusammenstellung zeugt von gro\u00dfer Geduld, sprachlicher Genauigkeit und einer tiefen Leidenschaft f\u00fcr die Geschichte des Spiels.  <\/p>\n\n<h3 class=\"wp-block-heading\">Das Ziel: perfekte Vollst\u00e4ndigkeit in zwei Sprachen<\/h3>\n\n<p>Das Hauptmerkmal dieser Sammlung ist, dass sie in zwei Sprachen vollst\u00e4ndig ist. W\u00e4hrend viele Sammler sich nur auf eine Region konzentrieren, verbindet dieses Projekt erfolgreich zwei unterschiedliche Schriftsysteme: <\/p>\n\n<ul class=\"wp-block-list\">\n<li><strong>Vereinfachtes Chinesisch:<\/strong> Repr\u00e4sentiert die Sets, die f\u00fcr Festlandchina ver\u00f6ffentlicht wurden.<\/li>\n\n\n\n<li><strong>Traditionelles Chinesisch:<\/strong> Repr\u00e4sentiert die Sets, die f\u00fcr Taiwan und Hongkong ver\u00f6ffentlicht wurden.<\/li>\n<\/ul>\n\n<p>In dieser \u00c4ra wurde wirklich jede einzelne Karte aus jedem Set sorgf\u00e4ltig in beiden Sprachen zusammengetragen. Das ergibt insgesamt <strong>46 vollst\u00e4ndige Sets<\/strong> und zeigt genau, wie sich Magic in den sp\u00e4ten 90ern und fr\u00fchen 2000ern entwickelt hat. <\/p>\n\n<p><\/p>\n\n<div class=\"wp-block-wpbb-wbd-progress-bar wbd-progress-bar\"><div class=\"progress-name\" style=\"color:#333333;font-size:16px;font-family:inherit;margin-bottom:8px\">Projektabschluss: 44 Sets (von 46)<\/div><div class=\"progress-track-wrapper\" data-wbd-percent=\"96\" data-wbd-easing=\"ease\" data-wbd-duration=\"1.2\"><div class=\"progress-track\" style=\"background-color:#e5e5e5;height:32px;border-radius:999px\"><div class=\"progress-fill\" style=\"width:96%;border-radius:999px;transition:width 1.2s ease;background-color:#c43d3d\"><span class=\"progress-percentage\" style=\"color:#ffffff;font-size:14px;font-family:inherit;font-weight:600;white-space:nowrap\">96%<\/span><\/div><\/div><\/div><\/div>\n\n<p><\/p>\n\n<p><em>Scryfall-Setliste, die das Projekt abdeckt:<\/em><\/p>\n<div class=\"wp-block-image\">\n<figure class=\"aligncenter\"><a href=\"https:\/\/scryfall.com\/sets?lang=zht\" target=\"_blank\" rel=\"noopener\"><img loading=\"lazy\" decoding=\"async\" width=\"1009\" height=\"929\" src=\"https:\/\/chinesethegathering.com\/wp-content\/uploads\/2026\/02\/Capture-decran-2026-02-11-103206.avif\" alt=\"\" class=\"wp-image-87\" srcset=\"https:\/\/chinesethegathering.com\/wp-content\/uploads\/2026\/02\/Capture-decran-2026-02-11-103206.avif 1009w, https:\/\/chinesethegathering.com\/wp-content\/uploads\/2026\/02\/Capture-decran-2026-02-11-103206-300x276.avif 300w, https:\/\/chinesethegathering.com\/wp-content\/uploads\/2026\/02\/Capture-decran-2026-02-11-103206-768x707.avif 768w\" sizes=\"auto, (max-width: 1009px) 100vw, 1009px\" \/><\/a><\/figure>\n<\/div>\n<p><\/p>\n\n<h3 class=\"wp-block-heading\">Eine Suche \u00fcber mehr als zehn Jahre<\/h3>\n\n<p>Diese Sets zusammenzustellen erforderte mehr als nur Geld; es brauchte den Blick eines Experten. Den globalen Markt zu durchsuchen, um den Unterschied zwischen Karten auf Vereinfachtem und Traditionellem Chinesisch zu erkennen, war schwierig. Weil internationale Verk\u00e4ufer die beiden oft verwechseln, wurde daraus eine Suche, die zehn Jahre dauerte.  <\/p>\n\n<h3 class=\"wp-block-heading\">Seltener als Alpha und Summer Magic<\/h3>\n\n<p>Innerhalb dieser Reise durch 46 Sets nimmt eine bestimmte Gruppe von Ver\u00f6ffentlichungen in vereinfachtem Chinesisch eine Sonderstellung ein. Die Versionen in vereinfachtem Chinesisch von <strong>F\u00fcnfte Edition<\/strong>, <strong>Urzas Saga<\/strong> und dem urspr\u00fcnglichen <strong>Portal <\/strong>sind nicht nur schwer zu finden; sie sind legend\u00e4r. Wenn man bedenkt, wie viele Exemplare heute noch existieren, sind diese Sets wahrscheinlich seltener als die ber\u00fchmte <strong>Alpha<\/strong> und ebenso schwer zu finden wie das rare <strong>Summer Magic (Edgar)<\/strong>.  <\/p>\n\n<p>Mitte bis Ende der 90er war der Vertrieb von Karten in Festlandchina sehr unorganisiert und es gab nur wenige Spieler, daher haben nur wenige Karten \u00fcberlebt<sup><\/sup>. F\u00fcr ernsthafte Sammler sind diese Sets der \u201eHeilige Gral\u201c von Chinese Magic<sup><\/sup>. Sie sind die \u201eGeister-Sets\u201c des Ostens und fehlen oft sogar in den besten Sammlungen der Welt, weil sie nahezu unm\u00f6glich zu kaufen sind<sup><\/sup>.  <\/p>\n<div class=\"wp-block-image\">\n<figure class=\"aligncenter size-large\"><img loading=\"lazy\" decoding=\"async\" width=\"1024\" height=\"683\" src=\"https:\/\/chinesethegathering.com\/wp-content\/uploads\/2026\/02\/b1e56596-7b56-4770-9afe-16599a8959a4-1-1024x683.avif\" alt=\"\" class=\"wp-image-1560\" srcset=\"https:\/\/chinesethegathering.com\/wp-content\/uploads\/2026\/02\/b1e56596-7b56-4770-9afe-16599a8959a4-1-1024x683.avif 1024w, https:\/\/chinesethegathering.com\/wp-content\/uploads\/2026\/02\/b1e56596-7b56-4770-9afe-16599a8959a4-1-300x200.avif 300w, https:\/\/chinesethegathering.com\/wp-content\/uploads\/2026\/02\/b1e56596-7b56-4770-9afe-16599a8959a4-1-768x512.avif 768w, https:\/\/chinesethegathering.com\/wp-content\/uploads\/2026\/02\/b1e56596-7b56-4770-9afe-16599a8959a4-1.avif 1536w\" sizes=\"auto, (max-width: 1024px) 100vw, 1024px\" \/><\/figure>\n<\/div>\n<p><\/p>\n\n<h3 class=\"wp-block-heading\">Historische Aufzeichnungen zu chinesischem MTG<\/h3>\n\n<p>In diesen 46 Sets befinden sich einige der seltensten Drucke in der Geschichte des Spiels<sup><\/sup>. Viele dieser Karten hatten sehr kleine Auflagen, und einige Sets auf Traditionellem Chinesisch sind daf\u00fcr bekannt, dass sie extrem schwer zu vervollst\u00e4ndigen sind<sup><\/sup>. Heute Exemplare dieser fr\u00fchen Karten zu finden, ist nahezu unm\u00f6glich, was diese Sammlung zu einer der wenigen ihrer Art weltweit macht<sup><\/sup>.  <\/p>\n\n<p>Von den ersten schwarz umrandeten Karten von 1995 bis zu den letzten Karten auf Traditionellem Chinesisch von 2003 ist dies ein vollst\u00e4ndiges Zeugnis einer Zeit, die verschwunden ist.<\/p>\n\n<blockquote class=\"wp-block-quote is-layout-flow wp-block-quote-is-layout-flow\">\n<p class=\"has-base-2-background-color has-background\">Diese <strong>46 vollst\u00e4ndigen Sets<\/strong> zusammenzutragen ist mehr als nur Sammeln; es ist eine Art, Geschichte zu dokumentieren. <strong>Jede einzelne Karte zwischen 1995 und 2003 sowohl auf Vereinfachtem als auch auf Traditionellem Chinesisch zu finden<\/strong> war eine einzigartige Herausforderung, die gro\u00dfe Geduld erforderte. Es ist ein Zeugnis einer Zeit, in der Magic gerade erst begann, zur Welt zu sprechen. <\/p>\n<\/blockquote>\n\n<p><\/p>\n","protected":false},"excerpt":{"rendered":"<p>Magic: The Gathering (1995\u20132003) Diese Sammlung stellt eine definitive historische Aufzeichnung von Magic: The Gathering dar, wie es erstmals in der chinesischsprachigen Welt ver\u00f6ffentlicht wurde. Sie reicht von der allerersten chinesischen Auflage im Jahr 1995 bis zum wichtigen Jahr 2003, das den Beginn einer zehnj\u00e4hrigen Pause f\u00fcr traditionelle chinesische Sets markierte. Diese Zusammenstellung zeugt von &#8230; <a title=\"Die goldene \u00c4ra\" class=\"read-more\" href=\"https:\/\/chinesethegathering.com\/de\/goldene-aera-1995-2003\/\" aria-label=\"Mehr Informationen \u00fcber Die goldene \u00c4ra\">Test<\/a><\/p>\n","protected":false},"author":1,"featured_media":1961,"parent":0,"menu_order":0,"comment_status":"closed","ping_status":"closed","template":"","meta":{"footnotes":""},"class_list":["post-1960","page","type-page","status-publish","has-post-thumbnail"],"_links":{"self":[{"href":"https:\/\/chinesethegathering.com\/de\/wp-json\/wp\/v2\/pages\/1960","targetHints":{"allow":["GET"]}}],"collection":[{"href":"https:\/\/chinesethegathering.com\/de\/wp-json\/wp\/v2\/pages"}],"about":[{"href":"https:\/\/chinesethegathering.com\/de\/wp-json\/wp\/v2\/types\/page"}],"author":[{"embeddable":true,"href":"https:\/\/chinesethegathering.com\/de\/wp-json\/wp\/v2\/users\/1"}],"replies":[{"embeddable":true,"href":"https:\/\/chinesethegathering.com\/de\/wp-json\/wp\/v2\/comments?post=1960"}],"version-history":[{"count":0,"href":"https:\/\/chinesethegathering.com\/de\/wp-json\/wp\/v2\/pages\/1960\/revisions"}],"wp:featuredmedia":[{"embeddable":true,"href":"https:\/\/chinesethegathering.com\/de\/wp-json\/wp\/v2\/media\/1961"}],"wp:attachment":[{"href":"https:\/\/chinesethegathering.com\/de\/wp-json\/wp\/v2\/media?parent=1960"}],"curies":[{"name":"wp","href":"https:\/\/api.w.org\/{rel}","templated":true}]}}